{"id":461,"date":"2025-12-16T19:33:32","date_gmt":"2025-12-16T19:33:32","guid":{"rendered":"https:\/\/easyvote.pro\/?page_id=461"},"modified":"2025-12-16T19:36:22","modified_gmt":"2025-12-16T19:36:22","slug":"pedido","status":"publish","type":"page","link":"https:\/\/easyvote.pro\/en\/pedido\/","title":{"rendered":"Pedido"},"content":{"rendered":"\t\t<div data-elementor-type=\"wp-page\" data-elementor-id=\"461\" class=\"elementor elementor-461\">\n\t\t\t\t<div class=\"elementor-element elementor-element-56b34f18 e-flex e-con-boxed e-con e-parent\" data-id=\"56b34f18\" data-element_type=\"container\">\n\t\t\t\t\t<div class=\"e-con-inner\">\n\t\t\t\t<div class=\"elementor-element elementor-element-2b494ac0 elementor-widget elementor-widget-text-editor\" data-id=\"2b494ac0\" data-element_type=\"widget\" data-widget_type=\"text-editor.default\">\n\t\t\t\t\t\t\t\t\t\t\t\t\t\t\t\t\t<\/div>\n\t\t\t\t\t<\/div>\n\t\t\t\t<\/div>\n\t\t<div class=\"elementor-element elementor-element-c2d2b3f e-flex e-con-boxed e-con e-parent\" data-id=\"c2d2b3f\" data-element_type=\"container\">\n\t\t\t\t\t<div class=\"e-con-inner\">\n\t\t\t\t<div class=\"elementor-element elementor-element-8323ad9 elementor-widget elementor-widget-heading\" data-id=\"8323ad9\" data-element_type=\"widget\" data-widget_type=\"heading.default\">\n\t\t\t\t\t<h2 class=\"elementor-heading-title elementor-size-default\">Solicitud para Administraciones P\u00fablicas Espa\u00f1olas<\/h2>\t\t\t\t<\/div>\n\t\t\t\t\t<\/div>\n\t\t\t\t<\/div>\n\t\t<div class=\"elementor-element elementor-element-b5c1955 e-flex e-con-boxed e-con e-parent\" data-id=\"b5c1955\" data-element_type=\"container\">\n\t\t\t\t\t<div class=\"e-con-inner\">\n\t\t\t\t<div class=\"elementor-element elementor-element-02716a2 elementor-widget elementor-widget-text-editor\" data-id=\"02716a2\" data-element_type=\"widget\" data-widget_type=\"text-editor.default\">\n\t\t\t\t\t\t\t\t\t<p>Si su Administraci\u00f3n est\u00e1 interesada en implantar un plugin profesional para procesos participativos, tenemos un plan dise\u00f1ado espec\u00edficamente para Administraciones P\u00fablicas en Espa\u00f1a, le invitamos a completar el siguiente formulario.<\/p>\n<p>Nuestro equipo se pondr\u00e1 en contacto con usted para acompa\u00f1arle en todo el proceso de compra.<\/p>\t\t\t\t\t\t\t\t<\/div>\n\t\t\t\t<div class=\"elementor-element elementor-element-3bacd72 elementor-widget elementor-widget-wpforms\" data-id=\"3bacd72\" data-element_type=\"widget\" data-widget_type=\"wpforms.default\">\n\t\t\t\t<div class=\"elementor-widget-container\">\n\t\t\t\t\t<div class=\"wpforms-container wpforms-container-full wpforms-block wpforms-block-fa6ce1ac-f03a-43f1-b93b-c9b4ef7278f4 wpforms-render-modern\" id=\"wpforms-457\"><form id=\"wpforms-form-457\" class=\"wpforms-validate wpforms-form wpforms-ajax-form\" data-formid=\"457\" method=\"post\" enctype=\"multipart\/form-data\" action=\"\/en\/wp-json\/wp\/v2\/pages\/461\" data-token=\"fd855aabbcbeee13ede2e532d7da0ad2\" data-token-time=\"1775893154\"><noscript class=\"wpforms-error-noscript\">Please enable JavaScript in your browser to complete this form.<\/noscript><div id=\"wpforms-error-noscript\" style=\"display: none;\">Please enable JavaScript in your browser to complete this form.<\/div><div class=\"wpforms-field-container\"><div id=\"wpforms-457-field_1-container\" class=\"wpforms-field wpforms-field-text\" data-field-id=\"1\"><label class=\"wpforms-field-label\" for=\"wpforms-457-field_1\">Nombre de la Administraci\u00f3n <span class=\"wpforms-required-label\" aria-hidden=\"true\">*<\/span><\/label><input type=\"text\" id=\"wpforms-457-field_1\" class=\"wpforms-field-medium wpforms-field-required\" name=\"wpforms[fields][1]\" aria-errormessage=\"wpforms-457-field_1-error\" required><\/div><div id=\"wpforms-457-field_2-container\" class=\"wpforms-field wpforms-field-text\" data-field-id=\"2\"><label class=\"wpforms-field-label\" for=\"wpforms-457-field_2\">Persona de contacto <span class=\"wpforms-required-label\" aria-hidden=\"true\">*<\/span><\/label><input type=\"text\" id=\"wpforms-457-field_2\" class=\"wpforms-field-medium wpforms-field-required\" name=\"wpforms[fields][2]\" aria-errormessage=\"wpforms-457-field_2-error\" required><\/div>\t\t<div id=\"wpforms-457-field_3-container\"\n\t\t\tclass=\"wpforms-field wpforms-field-text\"\n\t\t\tdata-field-type=\"text\"\n\t\t\tdata-field-id=\"3\"\n\t\t\t>\n\t\t\t<label class=\"wpforms-field-label\" for=\"wpforms-457-field_3\" >electr\u00f3nico Persona Administraci\u00f3n<\/label>\n\t\t\t<input type=\"text\" id=\"wpforms-457-field_3\" class=\"wpforms-field-medium\" name=\"wpforms[fields][3]\" >\n\t\t<\/div>\n\t\t<div id=\"wpforms-457-field_4-container\" class=\"wpforms-field wpforms-field-email\" data-field-id=\"4\"><label class=\"wpforms-field-label\" for=\"wpforms-457-field_4\">Correo electr\u00f3nico <span class=\"wpforms-required-label\" aria-hidden=\"true\">*<\/span><\/label><input type=\"email\" id=\"wpforms-457-field_4\" class=\"wpforms-field-medium wpforms-field-required\" name=\"wpforms[fields][4]\" spellcheck=\"false\" aria-errormessage=\"wpforms-457-field_4-error\" required><\/div><div id=\"wpforms-457-field_5-container\" class=\"wpforms-field wpforms-field-number\" data-field-id=\"5\"><label class=\"wpforms-field-label\" for=\"wpforms-457-field_5\">Tel\u00e9fono de contacto<\/label><input type=\"number\" id=\"wpforms-457-field_5\" class=\"wpforms-field-small\" name=\"wpforms[fields][5]\" step=\"any\" aria-errormessage=\"wpforms-457-field_5-error\" ><\/div><div id=\"wpforms-457-field_6-container\" class=\"wpforms-field wpforms-field-textarea\" data-field-id=\"6\"><label class=\"wpforms-field-label\" for=\"wpforms-457-field_6\">Comentario<\/label><textarea id=\"wpforms-457-field_6\" class=\"wpforms-field-medium\" name=\"wpforms[fields][6]\" aria-errormessage=\"wpforms-457-field_6-error\" ><\/textarea><\/div><script>\n\t\t\t\t( function() {\n\t\t\t\t\tconst style = document.createElement( 'style' );\n\t\t\t\t\tstyle.appendChild( document.createTextNode( '#wpforms-457-field_3-container { position: absolute !important; overflow: hidden !important; display: inline !important; height: 1px !important; width: 1px !important; z-index: -1000 !important; padding: 0 !important; } #wpforms-457-field_3-container input { visibility: hidden; } #wpforms-conversational-form-page #wpforms-457-field_3-container label { counter-increment: none; }' ) );\n\t\t\t\t\tdocument.head.appendChild( style );\n\t\t\t\t\tdocument.currentScript?.remove();\n\t\t\t\t} )();\n\t\t\t<\/script><\/div><!-- .wpforms-field-container --><div class=\"wpforms-recaptcha-container wpforms-is-recaptcha wpforms-is-recaptcha-type-v2\" ><div class=\"g-recaptcha\" data-sitekey=\"6LcE0C0sAAAAAOw7xBoltt_LlH6CHql3rZy-fJU2\"><\/div><input type=\"text\" name=\"g-recaptcha-hidden\" class=\"wpforms-recaptcha-hidden\" style=\"position:absolute!important;clip:rect(0,0,0,0)!important;height:1px!important;width:1px!important;border:0!important;overflow:hidden!important;padding:0!important;margin:0!important;\" data-rule-recaptcha=\"1\"><\/div><div class=\"wpforms-submit-container\" ><input type=\"hidden\" name=\"wpforms[id]\" value=\"457\"><input type=\"hidden\" name=\"page_title\" value=\"\"><input type=\"hidden\" name=\"page_url\" value=\"https:\/\/easyvote.pro\/en\/wp-json\/wp\/v2\/pages\/461\"><input type=\"hidden\" name=\"url_referer\" value=\"\"><button type=\"submit\" name=\"wpforms[submit]\" id=\"wpforms-submit-457\" class=\"wpforms-submit\" data-alt-text=\"Enviando...\" data-submit-text=\"Enviar\" aria-live=\"assertive\" value=\"wpforms-submit\">Enviar<\/button><img decoding=\"async\" src=\"https:\/\/easyvote.pro\/wp-content\/plugins\/wpforms-lite\/assets\/images\/submit-spin.svg\" class=\"wpforms-submit-spinner\" style=\"display: none;\" width=\"26\" height=\"26\" alt=\"Loading\"><\/div><\/form><\/div>  <!-- .wpforms-container -->\t\t\t\t<\/div>\n\t\t\t\t<\/div>\n\t\t\t\t\t<\/div>\n\t\t\t\t<\/div>\n\t\t\t\t<\/div>\n\t\t","protected":false},"excerpt":{"rendered":"<p>Solicitud para Administraciones P\u00fablicas Espa\u00f1olas Si su Administraci\u00f3n est\u00e1 interesada en implantar un plugin profesional para procesos participativos, tenemos un plan dise\u00f1ado espec\u00edficamente para Administraciones P\u00fablicas en Espa\u00f1a, le invitamos a completar el siguiente formulario. Nuestro equipo se pondr\u00e1 en contacto con usted para acompa\u00f1arle en todo el proceso de compra. Por favor, activa JavaScript [&hellip;]<\/p>\n","protected":false},"author":1,"featured_media":0,"parent":0,"menu_order":0,"comment_status":"closed","ping_status":"closed","template":"","meta":{"footnotes":""},"class_list":["post-461","page","type-page","status-publish","hentry"],"_hostinger_reach_plugin_has_subscription_block":false,"_hostinger_reach_plugin_is_elementor":false,"_links":{"self":[{"href":"https:\/\/easyvote.pro\/en\/wp-json\/wp\/v2\/pages\/461","targetHints":{"allow":["GET"]}}],"collection":[{"href":"https:\/\/easyvote.pro\/en\/wp-json\/wp\/v2\/pages"}],"about":[{"href":"https:\/\/easyvote.pro\/en\/wp-json\/wp\/v2\/types\/page"}],"author":[{"embeddable":true,"href":"https:\/\/easyvote.pro\/en\/wp-json\/wp\/v2\/users\/1"}],"replies":[{"embeddable":true,"href":"https:\/\/easyvote.pro\/en\/wp-json\/wp\/v2\/comments?post=461"}],"version-history":[{"count":5,"href":"https:\/\/easyvote.pro\/en\/wp-json\/wp\/v2\/pages\/461\/revisions"}],"predecessor-version":[{"id":521,"href":"https:\/\/easyvote.pro\/en\/wp-json\/wp\/v2\/pages\/461\/revisions\/521"}],"wp:attachment":[{"href":"https:\/\/easyvote.pro\/en\/wp-json\/wp\/v2\/media?parent=461"}],"curies":[{"name":"wp","href":"https:\/\/api.w.org\/{rel}","templated":true}]}}