{"id":129,"date":"2025-12-10T17:42:49","date_gmt":"2025-12-10T17:42:49","guid":{"rendered":"https:\/\/easyvote.pro\/features\/"},"modified":"2026-01-26T21:00:22","modified_gmt":"2026-01-26T20:00:22","slug":"features","status":"publish","type":"page","link":"https:\/\/easyvote.pro\/en\/features\/","title":{"rendered":"Features"},"content":{"rendered":"<div data-elementor-type=\"wp-page\" data-elementor-id=\"129\" class=\"elementor elementor-129\">\n\t\t\t\t<div class=\"elementor-element elementor-element-7ff65b4 e-flex e-con-boxed e-con e-parent\" data-id=\"7ff65b4\" data-element_type=\"container\">\n\t\t\t\t\t<div class=\"e-con-inner\">\n\t\t\t\t<div class=\"elementor-element elementor-element-7ba3f45 elementor-widget elementor-widget-image\" data-id=\"7ba3f45\" data-element_type=\"widget\" data-widget_type=\"image.default\">\n\t\t\t\t\t\t\t\t\t\t\t\t\t\t\t<img fetchpriority=\"high\" decoding=\"async\" width=\"1080\" height=\"525\" src=\"https:\/\/easyvote.pro\/wp-content\/uploads\/2025\/11\/ordenador.png\" class=\"attachment-1536x1536 size-1536x1536 wp-image-98\" alt=\"\" srcset=\"https:\/\/easyvote.pro\/wp-content\/uploads\/2025\/11\/ordenador.png 1080w, https:\/\/easyvote.pro\/wp-content\/uploads\/2025\/11\/ordenador-300x146.png 300w, https:\/\/easyvote.pro\/wp-content\/uploads\/2025\/11\/ordenador-1024x498.png 1024w, https:\/\/easyvote.pro\/wp-content\/uploads\/2025\/11\/ordenador-768x373.png 768w\" sizes=\"(max-width: 1080px) 100vw, 1080px\" \/>\t\t\t\t\t\t\t\t\t\t\t\t\t\t\t<\/div>\n\t\t\t\t<div class=\"elementor-element elementor-element-37af347 elementor-widget elementor-widget-heading\" data-id=\"37af347\" data-element_type=\"widget\" data-widget_type=\"heading.default\">\n\t\t\t\t\t<h2 class=\"elementor-heading-title elementor-size-default\">EasyVote is the ultimate plugin for creating professional voting processes within WordPress.<\/h2>\t\t\t\t<\/div>\n\t\t\t\t\t<\/div>\n\t\t\t\t<\/div>\n\t\t<div class=\"elementor-element elementor-element-71f5bedc e-flex e-con-boxed e-con e-parent\" data-id=\"71f5bedc\" data-element_type=\"container\">\n\t\t\t\t\t<div class=\"e-con-inner\">\n\t\t\t\t<div class=\"elementor-element elementor-element-2337d26e elementor-widget elementor-widget-text-editor\" data-id=\"2337d26e\" data-element_type=\"widget\" data-widget_type=\"text-editor.default\">\n\t\t\t\t\t\t\t\t\t<p><!-- \/wp:heading --><!-- wp:paragraph --><\/p>\n<p>EasyVote is an innovative WordPress plugin that allows users to run online voting processes easily and quickly. Designed to meet modern voting needs, this plugin stands out for its simplicity and efficiency. With EasyVote, any community, organization, or company can organize and manage voting processes without complications, ensuring transparency and auditability.<br \/><br \/><\/p>\n<p><!-- \/wp:paragraph --><!-- wp:group {\"layout\":{\"type\":\"flex\",\"orientation\":\"vertical\",\"justifyContent\":\"stretch\"}} --><\/p>\n<div class=\"wp-block-group\">\n<p><!-- wp:heading {\"style\":{\"spacing\":{\"padding\":{\"right\":\"0\",\"left\":\"0\"}}}} --><\/p>\n<h2 class=\"wp-block-heading\" style=\"padding-right: 0; padding-left: 0;\">Pro Version Features<\/h2>\n<p><!-- \/wp:heading --><\/p>\n<\/div>\n<p><!-- \/wp:group --><!-- wp:paragraph --><\/p>\n<p>The Pro version of EasyVote provides advanced control over the voting process. By using a voter list, it ensures that each person is properly identified before participating. This requires providing two parameters: an identification number such as a national ID, passport, ID, or a personal PIN, along with the date of birth. This rigorous approach ensures the integrity of each vote and helps prevent fraud.<br \/><br \/><\/p>\n<p><!-- \/wp:paragraph --><!-- wp:heading --><\/p>\n<h2 class=\"wp-block-heading\">Audit and Transparency<\/h2>\n<p><!-- \/wp:heading --><!-- wp:paragraph --><\/p>\n<p>One of the major advantages of EasyVote is that, once the voting process is completed, a detailed audit is generated that includes all certified voting information. This not only provides an additional level of transparency but also builds trust among voters. With the growing need for digital solutions, EasyVote positions itself as an essential tool for managing voting processes within the WordPress environment.<br \/><br \/><\/p>\n<p><!-- \/wp:paragraph --><!-- wp:heading --><\/p>\n<h2>Use Cases<\/h2>\n<ul>\n<li>Municipal participatory processes<\/li>\n<li>Neighborhood consultations.<\/li>\n<li>Voting in association and company meetings.<\/li>\n<li>Popular vote contests.<\/li>\n<li>Elections for sports clubs, professional associations, and organizations.<\/li>\n<li>Internal company consultations.<\/li>\n<li>Structured surveys with identity control.<\/li>\n<li>Any opinion poll where you need to control who can vote.<\/li>\n<\/ul>\n<p><!-- \/wp:heading --><\/p>\t\t\t\t\t\t\t\t<\/div>\n\t\t\t\t\t<\/div>\n\t\t\t\t<\/div>\n\t\t<div class=\"elementor-element elementor-element-f94024b e-flex e-con-boxed e-con e-parent\" data-id=\"f94024b\" data-element_type=\"container\">\n\t\t\t\t\t<div class=\"e-con-inner\">\n\t\t\t\t<div class=\"elementor-element elementor-element-dbb11a2 elementor-view-default elementor-widget elementor-widget-icon\" data-id=\"dbb11a2\" data-element_type=\"widget\" data-widget_type=\"icon.default\">\n\t\t\t\t\t\t\t<div class=\"elementor-icon-wrapper\">\n\t\t\t<div class=\"elementor-icon\">\n\t\t\t<svg aria-hidden=\"true\" class=\"e-font-icon-svg e-far-check-square\" viewbox=\"0 0 448 512\" xmlns=\"http:\/\/www.w3.org\/2000\/svg\"><path d=\"M400 32H48C21.49 32 0 53.49 0 80v352c0 26.51 21.49 48 48 48h352c26.51 0 48-21.49 48-48V80c0-26.51-21.49-48-48-48zm0 400H48V80h352v352zm-35.864-241.724L191.547 361.48c-4.705 4.667-12.303 4.637-16.97-.068l-90.781-91.516c-4.667-4.705-4.637-12.303.069-16.971l22.719-22.536c4.705-4.667 12.303-4.637 16.97.069l59.792 60.277 141.352-140.216c4.705-4.667 12.303-4.637 16.97.068l22.536 22.718c4.667 4.706 4.637 12.304-.068 16.971z\"><\/path><\/svg>\t\t\t<\/div>\n\t\t<\/div>\n\t\t\t\t\t\t<\/div>\n\t\t\t\t\t<\/div>\n\t\t\t\t<\/div>\n\t\t<div class=\"elementor-element elementor-element-d0a8165 e-flex e-con-boxed e-con e-parent\" data-id=\"d0a8165\" data-element_type=\"container\">\n\t\t\t\t\t<div class=\"e-con-inner\">\n\t\t\t\t<div class=\"elementor-element elementor-element-13e54a1 elementor-widget elementor-widget-text-editor\" data-id=\"13e54a1\" data-element_type=\"widget\" data-widget_type=\"text-editor.default\">\n\t\t\t\t\t\t\t\t\t<h2>With EasyVote PRO, you can:<\/h2><ul><li>Create unlimited voting processes with unlimited proposals or options.<\/li><li>Automatic voting start and end times.<\/li><li>Control who can vote using a voter list with bulk CSV import.<\/li><li>Validate voters using an ID\/identifier and date of birth<\/li><li>Create access permissions for administrators.<\/li><li>Configure messages, texts, and design from the admin panel.<\/li><li>Display results with clear charts and export data to CSV.<\/li><li>Use simple shortcodes to display voting forms and results anywhere.<\/li><li>Generate voting audits with vote records, date and time, and IP address.<\/li><li>Incident reporting forms for voters.<\/li><li>Fully translatable.<\/li><\/ul>\t\t\t\t\t\t\t\t<\/div>\n\t\t\t\t\t<\/div>\n\t\t\t\t<\/div>\n\t\t<div class=\"elementor-element elementor-element-587f2d3 e-flex e-con-boxed e-con e-parent\" data-id=\"587f2d3\" data-element_type=\"container\">\n\t\t\t\t\t<div class=\"e-con-inner\">\n\t\t<div class=\"elementor-element elementor-element-c3e4381 e-con-full e-flex e-con e-child\" data-id=\"c3e4381\" data-element_type=\"container\">\n\t\t\t\t<div class=\"elementor-element elementor-element-de8852c elementor-widget elementor-widget-image\" data-id=\"de8852c\" data-element_type=\"widget\" data-widget_type=\"image.default\">\n\t\t\t\t\t\t\t\t\t\t\t\t\t\t\t<img decoding=\"async\" width=\"430\" height=\"800\" src=\"https:\/\/easyvote.pro\/wp-content\/uploads\/2025\/12\/tel-e1764704163107.png\" class=\"attachment-large size-large wp-image-64\" alt=\"\" \/>\t\t\t\t\t\t\t\t\t\t\t\t\t\t\t<\/div>\n\t\t\t\t<\/div>\n\t\t<div class=\"elementor-element elementor-element-0450ff3 e-con-full e-flex e-con e-child\" data-id=\"0450ff3\" data-element_type=\"container\">\n\t\t<div class=\"elementor-element elementor-element-3b472df e-con-full e-flex e-con e-child\" data-id=\"3b472df\" data-element_type=\"container\">\n\t\t\t\t<div class=\"elementor-element elementor-element-6e86b56 elementor-widget elementor-widget-heading\" data-id=\"6e86b56\" data-element_type=\"widget\" data-widget_type=\"heading.default\">\n\t\t\t\t\t<h2 class=\"elementor-heading-title elementor-size-default\">Why is EasyVote different?<\/h2>\t\t\t\t<\/div>\n\t\t\t\t<div class=\"elementor-element elementor-element-6516d2a elementor-widget elementor-widget-text-editor\" data-id=\"6516d2a\" data-element_type=\"widget\" data-widget_type=\"text-editor.default\">\n\t\t\t\t\t\t\t\t\t<ul>\n<li>Modern, clean, and intuitive interface.<\/li>\n<li>Strict rules to prevent duplicate voting.<\/li>\n<li>Instant and transparent results.<\/li>\n<li>Fully translatable system with a template to translate into any language.<\/li>\n<li>Lite version (free) and Pro version with advanced features.<\/li>\n<li>Easy configuration of the public-facing side with style settings.<\/li>\n<li>Fully responsive frontend.<\/li>\n<\/ul>\t\t\t\t\t\t\t\t<\/div>\n\t\t\t\t<\/div>\n\t\t\t\t<\/div>\n\t\t\t\t\t<\/div>\n\t\t\t\t<\/div>\n\t\t<div class=\"elementor-element elementor-element-9cde6f4 e-flex e-con-boxed e-con e-parent\" data-id=\"9cde6f4\" data-element_type=\"container\" data-settings=\"{&quot;background_background&quot;:&quot;classic&quot;}\">\n\t\t\t\t\t<div class=\"e-con-inner\">\n\t\t\t\t<div class=\"elementor-element elementor-element-7040c12 elementor-widget elementor-widget-heading\" data-id=\"7040c12\" data-element_type=\"widget\" data-widget_type=\"heading.default\">\n\t\t\t\t\t<h2 class=\"elementor-heading-title elementor-size-default\">EasyVote works 100% inside WordPress, without relying on external services.\n\n<\/h2>\t\t\t\t<\/div>\n\t\t\t\t<div class=\"elementor-element elementor-element-18ebca1 elementor-widget elementor-widget-heading\" data-id=\"18ebca1\" data-element_type=\"widget\" data-widget_type=\"heading.default\">\n\t\t\t\t\t<h2 class=\"elementor-heading-title elementor-size-default\">All the information stays on your server, under your control.\n\n<\/h2>\t\t\t\t<\/div>\n\t\t\t\t<div class=\"elementor-element elementor-element-cb131a4 elementor-align-center animated-fast elementor-invisible elementor-widget elementor-widget-button\" data-id=\"cb131a4\" data-element_type=\"widget\" data-settings=\"{&quot;_animation&quot;:&quot;zoomIn&quot;,&quot;_animation_delay&quot;:20}\" data-widget_type=\"button.default\">\n\t\t\t\t\t\t\t\t\t\t<a class=\"elementor-button elementor-button-link elementor-size-sm\" href=\"https:\/\/easyvote.pro\/en\/planes-de-precios\/\">\n\t\t\t\t\t\t<span class=\"elementor-button-content-wrapper\">\n\t\t\t\t\t\t\t\t\t<span class=\"elementor-button-text\">View pricing plans<\/span>\n\t\t\t\t\t<\/span>\n\t\t\t\t\t<\/a>\n\t\t\t\t\t\t\t\t<\/div>\n\t\t\t\t\t<\/div>\n\t\t\t\t<\/div>\n\t\t\t\t<\/div>","protected":false},"excerpt":{"rendered":"<p>EasyVote es el plugin definitivo para crear votaciones profesionales dentro de WordPress EasyVote es un plugin innovador para WordPress que permite a los usuarios realizar votaciones en l\u00ednea de manera f\u00e1cil y r\u00e1pida. Dise\u00f1ado para adaptarse a las necesidades modernas de votaci\u00f3n, este plugin destaca por su simplicidad y eficiencia. Con EasyVote, cualquier comunidad, organizaci\u00f3n [&hellip;]<\/p>\n","protected":false},"author":1,"featured_media":0,"parent":0,"menu_order":0,"comment_status":"closed","ping_status":"closed","template":"","meta":{"footnotes":""},"class_list":["post-129","page","type-page","status-publish","hentry"],"_hostinger_reach_plugin_has_subscription_block":false,"_hostinger_reach_plugin_is_elementor":false,"_links":{"self":[{"href":"https:\/\/easyvote.pro\/en\/wp-json\/wp\/v2\/pages\/129","targetHints":{"allow":["GET"]}}],"collection":[{"href":"https:\/\/easyvote.pro\/en\/wp-json\/wp\/v2\/pages"}],"about":[{"href":"https:\/\/easyvote.pro\/en\/wp-json\/wp\/v2\/types\/page"}],"author":[{"embeddable":true,"href":"https:\/\/easyvote.pro\/en\/wp-json\/wp\/v2\/users\/1"}],"replies":[{"embeddable":true,"href":"https:\/\/easyvote.pro\/en\/wp-json\/wp\/v2\/comments?post=129"}],"version-history":[{"count":74,"href":"https:\/\/easyvote.pro\/en\/wp-json\/wp\/v2\/pages\/129\/revisions"}],"predecessor-version":[{"id":949,"href":"https:\/\/easyvote.pro\/en\/wp-json\/wp\/v2\/pages\/129\/revisions\/949"}],"wp:attachment":[{"href":"https:\/\/easyvote.pro\/en\/wp-json\/wp\/v2\/media?parent=129"}],"curies":[{"name":"wp","href":"https:\/\/api.w.org\/{rel}","templated":true}]}}