{"id":1048,"date":"2026-02-07T20:45:14","date_gmt":"2026-02-07T19:45:14","guid":{"rendered":"https:\/\/easyvote.pro\/?page_id=1048"},"modified":"2026-02-08T17:30:48","modified_gmt":"2026-02-08T16:30:48","slug":"demo","status":"publish","type":"page","link":"https:\/\/easyvote.pro\/en\/demo\/","title":{"rendered":""},"content":{"rendered":"<style>\n .ev-pre-demo-wrapper {\n  display: flex;\n  justify-content: center;\n  align-items: center;\n  min-height: calc(100vh - 200px); \/* ajusta el footer *\/\n  padding: 143px 16px 170px;        \/* m\u00e1s aire abajo *\/\npadding-bottom: 200px;\n}\n\n  .ev-pre-demo-cards {\n    display: flex;\n    gap: 40px;\n    max-width: 800px;\n    width: 100%;\n  }\n\n  .ev-pre-demo-card {\n    flex: 1;\n    background: #ffffff;\n    border-radius: 14px;\n    box-shadow: 0 12px 28px rgba(0,0,0,0.08);\n    padding: 20px;\n    box-sizing: border-box;\n    text-align: center;\n  }\n\n  .ev-pre-demo-card img {\n    width: 100%;\n    max-height: 290px;\n    object-fit: contain;\n    margin-bottom: 35px;\n    box-shadow: 0 10px 22px rgba(0, 0, 0, 0.12);\n  border-radius: 8px;\n  }\n\n  .ev-pre-demo-title {\n    font-size: 22px;\n    font-weight: 700;\n    margin: 0 0 10px 0;\n    color: #2265B4;\n  }\n\n  .ev-pre-demo-text {\n    font-size: 14px;\n    color: #475569;\n    margin: 0 0 18px 0;\n  }\n\n  .ev-pre-demo-button {\n  display: inline-block;\n  padding: 10px 18px;\n  border-radius: 8px;\n  background: #2265B4;\n  color: #ffffff;\n  text-decoration: none;\n  font-size: 14px;\n  font-weight: 500;\n  transition: background .2s ease, box-shadow .2s ease, transform .2s ease;\n}\n\n.ev-pre-demo-button:hover {\n  background: #1e4f8f;\n  box-shadow: 0 8px 18px rgba(0, 0, 0, 0.25);\n  transform: translateY(-2px);\n}\n\n.ev-pre-demo-button,\n.ev-pre-demo-button:hover,\n.ev-pre-demo-button:focus,\n.ev-pre-demo-button:active {\n  text-decoration: none !important;\n  color: #ffffff;\n}\n\n  @media (max-width: 640px) {\n    .ev-pre-demo-cards {\n      flex-direction: column;\n    }\n  }\n<\/style>\n\n<div class=\"ev-pre-demo-wrapper\">\n  <div class=\"ev-pre-demo-cards\">\n\n    <!-- TARJETA 1 -->\n    <div class=\"ev-pre-demo-card\">\n      <img decoding=\"async\" src=\"https:\/\/easyvote.pro\/wp-content\/uploads\/2026\/02\/Sin-titulo-1.png\" alt=\"Demo p\u00fablica EasyVote\">\n      <h3 class=\"ev-pre-demo-title\">Public demo<\/h3>\n      <p class=\"ev-pre-demo-text\">\n        Access a sample voting and see what the experience is like for participants.\n      <\/p>\n      <a href=\"https:\/\/easyvote.pro\/en\/demo_votacion\/\"\n         class=\"ev-pre-demo-button\"\n         target=\"_blank\" rel=\"noopener\">\n        Go to public demo\n      <\/a>\n    <\/div>\n\n    <!-- TARJETA 2 -->\n    <div class=\"ev-pre-demo-card\">\n      <img decoding=\"async\" src=\"https:\/\/easyvote.pro\/wp-content\/uploads\/2026\/02\/admin-e1770493730835.png\" alt=\"Panel de administraci\u00f3n EasyVote\">\n      <h3 class=\"ev-pre-demo-title\">Administration panel<\/h3>\n      <p class=\"ev-pre-demo-text\">\n        Access the WordPress administration panel to manage votings, proposals, and results.\n      <\/p>\n      <a href=\"https:\/\/demo.easyvote.pro\/wp-login.php?wp_lang=ES\"\n         class=\"ev-pre-demo-button\"\n         target=\"_blank\" rel=\"noopener\">\n        Go to WordPress admin\n      <\/a>\n    <\/div>\n\n  <\/div>\n<\/div>","protected":false},"excerpt":{"rendered":"<p>Demo p\u00fablica Acceda a una votaci\u00f3n de ejemplo y compruebe c\u00f3mo es la experiencia para las personas participantes. Ir a la parte p\u00fablica (votaci\u00f3n) Panel de administraci\u00f3n Acceda al panel de administraci\u00f3n de WordPress para gestionar votaciones, propuestas y resultados. Entrar en administrador WP<\/p>","protected":false},"author":1,"featured_media":0,"parent":0,"menu_order":0,"comment_status":"closed","ping_status":"closed","template":"","meta":{"footnotes":""},"class_list":["post-1048","page","type-page","status-publish","hentry"],"_hostinger_reach_plugin_has_subscription_block":false,"_hostinger_reach_plugin_is_elementor":false,"_links":{"self":[{"href":"https:\/\/easyvote.pro\/en\/wp-json\/wp\/v2\/pages\/1048","targetHints":{"allow":["GET"]}}],"collection":[{"href":"https:\/\/easyvote.pro\/en\/wp-json\/wp\/v2\/pages"}],"about":[{"href":"https:\/\/easyvote.pro\/en\/wp-json\/wp\/v2\/types\/page"}],"author":[{"embeddable":true,"href":"https:\/\/easyvote.pro\/en\/wp-json\/wp\/v2\/users\/1"}],"replies":[{"embeddable":true,"href":"https:\/\/easyvote.pro\/en\/wp-json\/wp\/v2\/comments?post=1048"}],"version-history":[{"count":57,"href":"https:\/\/easyvote.pro\/en\/wp-json\/wp\/v2\/pages\/1048\/revisions"}],"predecessor-version":[{"id":1126,"href":"https:\/\/easyvote.pro\/en\/wp-json\/wp\/v2\/pages\/1048\/revisions\/1126"}],"wp:attachment":[{"href":"https:\/\/easyvote.pro\/en\/wp-json\/wp\/v2\/media?parent=1048"}],"curies":[{"name":"wp","href":"https:\/\/api.w.org\/{rel}","templated":true}]}}